{"id":105,"date":"2020-06-24T07:16:32","date_gmt":"2020-06-24T07:16:32","guid":{"rendered":"https:\/\/jupiterx.artbees.net\/accountant\/?page_id=105"},"modified":"2025-09-30T01:10:58","modified_gmt":"2025-09-29T22:10:58","slug":"blog","status":"publish","type":"page","link":"https:\/\/elektrikalanya.com\/de\/blog\/","title":{"rendered":"Der Blog"},"content":{"rendered":"<div data-elementor-type=\"wp-page\" data-elementor-id=\"105\" class=\"elementor elementor-105\">\n\t\t\t\t<div class=\"elementor-element elementor-element-46e47c9 e-flex e-con-boxed e-con e-parent\" data-id=\"46e47c9\" data-element_type=\"container\" data-settings=\"{&quot;background_background&quot;:&quot;classic&quot;,&quot;jet_parallax_layout_list&quot;:[]}\">\n\t\t\t\t\t<div class=\"e-con-inner\">\n\t\t<div class=\"elementor-element elementor-element-d42e452 e-con-full e-flex e-con e-child\" data-id=\"d42e452\" data-element_type=\"container\" data-settings=\"{&quot;jet_parallax_layout_list&quot;:[]}\">\n\t\t\t\t<div class=\"elementor-element elementor-element-bcf2c65 elementor-widget elementor-widget-heading\" data-id=\"bcf2c65\" data-element_type=\"widget\" data-widget_type=\"heading.default\">\n\t\t\t\t\t<h2 class=\"elementor-heading-title elementor-size-default\">Unsere Blogbeitr\u00e4ge<\/h2>\t\t\t\t<\/div>\n\t\t\t\t<\/div>\n\t\t\t\t\t<\/div>\n\t\t\t\t<\/div>\n\t\t<div class=\"elementor-element elementor-element-95e6391 e-flex e-con-boxed elementor-invisible e-con e-parent\" data-id=\"95e6391\" data-element_type=\"container\" data-settings=\"{&quot;jet_parallax_layout_list&quot;:[],&quot;animation&quot;:&quot;fadeInUp&quot;}\">\n\t\t\t\t\t<div class=\"e-con-inner\">\n\t\t<div class=\"elementor-element elementor-element-12b46d6 e-con-full e-flex e-con e-child\" data-id=\"12b46d6\" data-element_type=\"container\" data-settings=\"{&quot;jet_parallax_layout_list&quot;:[]}\">\n\t\t\t\t<div class=\"elementor-element elementor-element-44614b8 elementor-widget elementor-widget-heading\" data-id=\"44614b8\" data-element_type=\"widget\" data-widget_type=\"heading.default\">\n\t\t\t\t\t<h2 class=\"elementor-heading-title elementor-size-default\">Was wir f\u00fcr Sie vorbereitet haben<\/h2>\t\t\t\t<\/div>\n\t\t\t\t<div class=\"elementor-element elementor-element-d70e010 raven-hover-grayscale raven-button-align-center elementor-widget elementor-widget-raven-posts-carousel\" data-id=\"d70e010\" data-element_type=\"widget\" data-settings=\"{&quot;classic_slides_view&quot;:&quot;4&quot;,&quot;classic_post_image_hover_effect&quot;:&quot;grayscale&quot;,&quot;_skin&quot;:&quot;classic&quot;,&quot;classic_slides_view_tablet&quot;:&quot;2&quot;,&quot;classic_slides_view_mobile&quot;:&quot;1&quot;,&quot;classic_slides_scroll&quot;:&quot;1&quot;,&quot;classic_slides_scroll_tablet&quot;:&quot;1&quot;,&quot;classic_slides_scroll_mobile&quot;:&quot;1&quot;,&quot;classic_transition_speed&quot;:500,&quot;classic_enable_infinite_loop&quot;:&quot;yes&quot;,&quot;classic_show_arrows&quot;:&quot;yes&quot;,&quot;query_offset&quot;:0,&quot;classic_columns_space_between&quot;:{&quot;unit&quot;:&quot;px&quot;,&quot;size&quot;:30,&quot;sizes&quot;:[]},&quot;classic_columns_space_between_tablet&quot;:{&quot;unit&quot;:&quot;px&quot;,&quot;size&quot;:20,&quot;sizes&quot;:[]},&quot;classic_columns_space_between_mobile&quot;:{&quot;unit&quot;:&quot;px&quot;,&quot;size&quot;:10,&quot;sizes&quot;:[]}}\" data-widget_type=\"raven-posts-carousel.classic\">\n\t\t\t\t<div class=\"elementor-widget-container\">\n\t\t\t\t\t\t\t<div class=\"raven-posts-carousel raven-swiper-slider\">\r\n\t\t\t<div class=\"raven-posts-carousel-swiper-container swiper\">\r\n\t\t\t\t<div class=\"swiper-wrapper swiper-columns-4\" data-swiper='{&quot;rtl&quot;:false}'>\r\n\t\t\r\n\t\t<div class=\"swiper-slide\">\r\n\t\t\t<div class=\"raven-post-wrapper\">\r\n\t\t\t\t<div class=\"raven-post\">\r\n\t\t\t\t\t\t\t<div class=\"raven-post-image-wrap\">\r\n\t\t\t<a class=\"raven-post-image raven-image-fit\"  href=\"https:\/\/elektrikalanya.com\/de\/alanyada-elektrik-ariza-ve-tesisat-rehberi-dogru-alanya-elektrikci-nasil-secilir\/\"><img fetchpriority=\"high\" decoding=\"async\" width=\"1024\" height=\"1024\" src=\"https:\/\/elektrikalanya.com\/wp-content\/uploads\/2025\/08\/1.png\" class=\"attachment-large size-large wp-image-699\" alt=\"\" srcset=\"https:\/\/elektrikalanya.com\/wp-content\/uploads\/2025\/08\/1.png 1024w, https:\/\/elektrikalanya.com\/wp-content\/uploads\/2025\/08\/1-300x300.png 300w, https:\/\/elektrikalanya.com\/wp-content\/uploads\/2025\/08\/1-150x150.png 150w, https:\/\/elektrikalanya.com\/wp-content\/uploads\/2025\/08\/1-768x768.png 768w, https:\/\/elektrikalanya.com\/wp-content\/uploads\/2025\/08\/1-12x12.png 12w, https:\/\/elektrikalanya.com\/wp-content\/uploads\/2025\/08\/1-500x500.png 500w\" sizes=\"(max-width: 1024px) 100vw, 1024px\" \/> <span class=\"raven-post-image-overlay\"><\/span><\/a>\t\t<\/div>\r\n\t\t\r\n\t\t\t\t\t<div class=\"raven-post-content\">\r\n\t\t\t\t\t\t<h3 class=\"raven-post-title\"><a class=\"raven-post-title-link\" href=\"https:\/\/elektrikalanya.com\/de\/alanyada-elektrik-ariza-ve-tesisat-rehberi-dogru-alanya-elektrikci-nasil-secilir\/\">Leitfaden f\u00fcr elektrische St\u00f6rungen und Installationen in Alanya: Wie w\u00e4hlt man den richtigen Elektriker in Alanya?<\/a><\/h3><div class=\"raven-post-excerpt\">Leitfaden f\u00fcr elektrische St\u00f6rungen und Installationen in Alanya: Wie w\u00e4hlt man den richtigen Elektriker in Alanya? Die erste Voraussetzung f\u00fcr die Schaffung einer sicheren und langlebigen elektrischen Infrastruktur in Alanya sind normgerechte Materialien, genaue Vermessungen und ein erfahrener Techniker.<\/div>\t\t<div class=\"raven-post-read-more\">\r\n\t\t\t<a class=\"raven-post-button\" href=\"https:\/\/elektrikalanya.com\/de\/alanyada-elektrik-ariza-ve-tesisat-rehberi-dogru-alanya-elektrikci-nasil-secilir\/\"><span class=\"raven-post-button-text\">Mehr lesen<\/span><\/a>\r\n\t\t<\/div>\r\n\t\t\t\t\t\t\t<\/div>\r\n\t\t\t\t<\/div>\r\n\t\t\t<\/div>\r\n\t\t<\/div>\r\n\t\t\r\n\t\t<div class=\"swiper-slide\">\r\n\t\t\t<div class=\"raven-post-wrapper\">\r\n\t\t\t\t<div class=\"raven-post\">\r\n\t\t\t\t\t\t\t<div class=\"raven-post-image-wrap\">\r\n\t\t\t<a class=\"raven-post-image raven-image-fit\"  href=\"https:\/\/elektrikalanya.com\/de\/alanyada-elektrik-tadilati-ve-yenileme-kilavuzu-guvenli-ve-verimli-cozumler\/\"><img decoding=\"async\" width=\"1024\" height=\"1024\" src=\"https:\/\/elektrikalanya.com\/wp-content\/uploads\/2025\/08\/2.png\" class=\"attachment-large size-large wp-image-700\" alt=\"\" srcset=\"https:\/\/elektrikalanya.com\/wp-content\/uploads\/2025\/08\/2.png 1024w, https:\/\/elektrikalanya.com\/wp-content\/uploads\/2025\/08\/2-300x300.png 300w, https:\/\/elektrikalanya.com\/wp-content\/uploads\/2025\/08\/2-150x150.png 150w, https:\/\/elektrikalanya.com\/wp-content\/uploads\/2025\/08\/2-768x768.png 768w, https:\/\/elektrikalanya.com\/wp-content\/uploads\/2025\/08\/2-12x12.png 12w, https:\/\/elektrikalanya.com\/wp-content\/uploads\/2025\/08\/2-500x500.png 500w\" sizes=\"(max-width: 1024px) 100vw, 1024px\" \/> <span class=\"raven-post-image-overlay\"><\/span><\/a>\t\t<\/div>\r\n\t\t\r\n\t\t\t\t\t<div class=\"raven-post-content\">\r\n\t\t\t\t\t\t<h3 class=\"raven-post-title\"><a class=\"raven-post-title-link\" href=\"https:\/\/elektrikalanya.com\/de\/alanyada-elektrik-tadilati-ve-yenileme-kilavuzu-guvenli-ve-verimli-cozumler\/\">Leitfaden zur elektrischen Renovierung und Erneuerung in Alanya: Sichere und effiziente L\u00f6sungen<\/a><\/h3><div class=\"raven-post-excerpt\">Die Erneuerung der elektrischen Infrastruktur in Ihrem Zuhause oder am Arbeitsplatz dient nicht nur der \u00c4sthetik und dem Komfort, sondern auch der Sicherheit, Energieeffizienz und Langlebigkeit.<\/div>\t\t<div class=\"raven-post-read-more\">\r\n\t\t\t<a class=\"raven-post-button\" href=\"https:\/\/elektrikalanya.com\/de\/alanyada-elektrik-tadilati-ve-yenileme-kilavuzu-guvenli-ve-verimli-cozumler\/\"><span class=\"raven-post-button-text\">Mehr lesen<\/span><\/a>\r\n\t\t<\/div>\r\n\t\t\t\t\t\t\t<\/div>\r\n\t\t\t\t<\/div>\r\n\t\t\t<\/div>\r\n\t\t<\/div>\r\n\t\t\r\n\t\t<div class=\"swiper-slide\">\r\n\t\t\t<div class=\"raven-post-wrapper\">\r\n\t\t\t\t<div class=\"raven-post\">\r\n\t\t\t\t\t\t\t<div class=\"raven-post-image-wrap\">\r\n\t\t\t<a class=\"raven-post-image raven-image-fit\"  href=\"https:\/\/elektrikalanya.com\/de\/acil-elektrik-arizalarinda-ilk-30-dakika-alanya-elektrikci-rehberi\/\"><img decoding=\"async\" width=\"1024\" height=\"1024\" src=\"https:\/\/elektrikalanya.com\/wp-content\/uploads\/2025\/08\/3.png\" class=\"attachment-large size-large wp-image-701\" alt=\"\" srcset=\"https:\/\/elektrikalanya.com\/wp-content\/uploads\/2025\/08\/3.png 1024w, https:\/\/elektrikalanya.com\/wp-content\/uploads\/2025\/08\/3-300x300.png 300w, https:\/\/elektrikalanya.com\/wp-content\/uploads\/2025\/08\/3-150x150.png 150w, https:\/\/elektrikalanya.com\/wp-content\/uploads\/2025\/08\/3-768x768.png 768w, https:\/\/elektrikalanya.com\/wp-content\/uploads\/2025\/08\/3-12x12.png 12w, https:\/\/elektrikalanya.com\/wp-content\/uploads\/2025\/08\/3-500x500.png 500w\" sizes=\"(max-width: 1024px) 100vw, 1024px\" \/> <span class=\"raven-post-image-overlay\"><\/span><\/a>\t\t<\/div>\r\n\t\t\r\n\t\t\t\t\t<div class=\"raven-post-content\">\r\n\t\t\t\t\t\t<h3 class=\"raven-post-title\"><a class=\"raven-post-title-link\" href=\"https:\/\/elektrikalanya.com\/de\/acil-elektrik-arizalarinda-ilk-30-dakika-alanya-elektrikci-rehberi\/\">Die ersten 30 Minuten eines elektrischen Notfallfehlers: Leitfaden f\u00fcr Elektriker in Alanya<\/a><\/h3><div class=\"raven-post-excerpt\">Die ersten 30 Minuten nach einem elektrischen Notfall: Leitfaden f\u00fcr Elektriker in Alanya. Elektrische Notf\u00e4lle geh\u00f6ren zu den kritischsten Situationen f\u00fcr die Sicherheit von Leben und Eigentum. Mit dem richtigen Vorgehen verhindern Sie eine Eskalation des Problems und gew\u00e4hrleisten Ihre Sicherheit.<\/div>\t\t<div class=\"raven-post-read-more\">\r\n\t\t\t<a class=\"raven-post-button\" href=\"https:\/\/elektrikalanya.com\/de\/acil-elektrik-arizalarinda-ilk-30-dakika-alanya-elektrikci-rehberi\/\"><span class=\"raven-post-button-text\">Mehr lesen<\/span><\/a>\r\n\t\t<\/div>\r\n\t\t\t\t\t\t\t<\/div>\r\n\t\t\t\t<\/div>\r\n\t\t\t<\/div>\r\n\t\t<\/div>\r\n\t\t\r\n\t\t<div class=\"swiper-slide\">\r\n\t\t\t<div class=\"raven-post-wrapper\">\r\n\t\t\t\t<div class=\"raven-post\">\r\n\t\t\t\t\t\t\t<div class=\"raven-post-image-wrap\">\r\n\t\t\t<a class=\"raven-post-image raven-image-fit\"  href=\"https:\/\/elektrikalanya.com\/de\/topraklama-ve-kacak-akim-rolesi-rcd-rehberi-alanyada-guvenli-elektrik-icin-bilmeniz-gerekenler\/\"><img loading=\"lazy\" decoding=\"async\" width=\"1024\" height=\"1024\" src=\"https:\/\/elektrikalanya.com\/wp-content\/uploads\/2025\/08\/4.png\" class=\"attachment-large size-large wp-image-702\" alt=\"\" srcset=\"https:\/\/elektrikalanya.com\/wp-content\/uploads\/2025\/08\/4.png 1024w, https:\/\/elektrikalanya.com\/wp-content\/uploads\/2025\/08\/4-300x300.png 300w, https:\/\/elektrikalanya.com\/wp-content\/uploads\/2025\/08\/4-150x150.png 150w, https:\/\/elektrikalanya.com\/wp-content\/uploads\/2025\/08\/4-768x768.png 768w, https:\/\/elektrikalanya.com\/wp-content\/uploads\/2025\/08\/4-12x12.png 12w, https:\/\/elektrikalanya.com\/wp-content\/uploads\/2025\/08\/4-500x500.png 500w\" sizes=\"(max-width: 1024px) 100vw, 1024px\" \/> <span class=\"raven-post-image-overlay\"><\/span><\/a>\t\t<\/div>\r\n\t\t\r\n\t\t\t\t\t<div class=\"raven-post-content\">\r\n\t\t\t\t\t\t<h3 class=\"raven-post-title\"><a class=\"raven-post-title-link\" href=\"https:\/\/elektrikalanya.com\/de\/topraklama-ve-kacak-akim-rolesi-rcd-rehberi-alanyada-guvenli-elektrik-icin-bilmeniz-gerekenler\/\">Leitfaden zu Erdung und Fehlerstromschutzschalter (RCD): Was Sie f\u00fcr eine sichere Stromversorgung in Alanya wissen m\u00fcssen<\/a><\/h3><div class=\"raven-post-excerpt\">Leitfaden zu Erdung und Fehlerstromschutzschaltern (RCD): Was Sie f\u00fcr sichere Stromversorgung in Alanya wissen m\u00fcssen. Elektrische Sicherheit ist die Grundlage f\u00fcr die Sicherheit von Leben und Eigentum. Richtige Erdung und Fehlerstromschutzschalter (RCD) in Wohnungen und am Arbeitsplatz.<\/div>\t\t<div class=\"raven-post-read-more\">\r\n\t\t\t<a class=\"raven-post-button\" href=\"https:\/\/elektrikalanya.com\/de\/topraklama-ve-kacak-akim-rolesi-rcd-rehberi-alanyada-guvenli-elektrik-icin-bilmeniz-gerekenler\/\"><span class=\"raven-post-button-text\">Mehr lesen<\/span><\/a>\r\n\t\t<\/div>\r\n\t\t\t\t\t\t\t<\/div>\r\n\t\t\t\t<\/div>\r\n\t\t\t<\/div>\r\n\t\t<\/div>\r\n\t\t\r\n\t\t<div class=\"swiper-slide\">\r\n\t\t\t<div class=\"raven-post-wrapper\">\r\n\t\t\t\t<div class=\"raven-post\">\r\n\t\t\t\t\t\t\t<div class=\"raven-post-image-wrap\">\r\n\t\t\t<a class=\"raven-post-image raven-image-fit\"  href=\"https:\/\/elektrikalanya.com\/de\/led-aydinlatma-secim-rehberi-alanyada-tasarruf-konfor-ve-guvenlik\/\"><img loading=\"lazy\" decoding=\"async\" width=\"1024\" height=\"1024\" src=\"https:\/\/elektrikalanya.com\/wp-content\/uploads\/2025\/08\/5.png\" class=\"attachment-large size-large wp-image-703\" alt=\"\" srcset=\"https:\/\/elektrikalanya.com\/wp-content\/uploads\/2025\/08\/5.png 1024w, https:\/\/elektrikalanya.com\/wp-content\/uploads\/2025\/08\/5-300x300.png 300w, https:\/\/elektrikalanya.com\/wp-content\/uploads\/2025\/08\/5-150x150.png 150w, https:\/\/elektrikalanya.com\/wp-content\/uploads\/2025\/08\/5-768x768.png 768w, https:\/\/elektrikalanya.com\/wp-content\/uploads\/2025\/08\/5-12x12.png 12w, https:\/\/elektrikalanya.com\/wp-content\/uploads\/2025\/08\/5-500x500.png 500w\" sizes=\"(max-width: 1024px) 100vw, 1024px\" \/> <span class=\"raven-post-image-overlay\"><\/span><\/a>\t\t<\/div>\r\n\t\t\r\n\t\t\t\t\t<div class=\"raven-post-content\">\r\n\t\t\t\t\t\t<h3 class=\"raven-post-title\"><a class=\"raven-post-title-link\" href=\"https:\/\/elektrikalanya.com\/de\/led-aydinlatma-secim-rehberi-alanyada-tasarruf-konfor-ve-guvenlik\/\">Leitfaden zur Auswahl von LED-Beleuchtung: Einsparungen, Komfort und Sicherheit in Alanya<\/a><\/h3><div class=\"raven-post-excerpt\">LED-Beleuchtungsauswahl: Energieeinsparung, Komfort und Sicherheit in Alanya. Die richtige LED-Beleuchtung ist der Schl\u00fcssel zu einem ausgewogenen Verh\u00e4ltnis zwischen Energieeinsparung, Sehkomfort und Sicherheit. F\u00fcr alle, die einen Elektriker in Alanya suchen, bieten wir Lumenberechnungen und Farbtemperaturinformationen.<\/div>\t\t<div class=\"raven-post-read-more\">\r\n\t\t\t<a class=\"raven-post-button\" href=\"https:\/\/elektrikalanya.com\/de\/led-aydinlatma-secim-rehberi-alanyada-tasarruf-konfor-ve-guvenlik\/\"><span class=\"raven-post-button-text\">Mehr lesen<\/span><\/a>\r\n\t\t<\/div>\r\n\t\t\t\t\t\t\t<\/div>\r\n\t\t\t\t<\/div>\r\n\t\t\t<\/div>\r\n\t\t<\/div>\r\n\t\t\r\n\t\t<div class=\"swiper-slide\">\r\n\t\t\t<div class=\"raven-post-wrapper\">\r\n\t\t\t\t<div class=\"raven-post\">\r\n\t\t\t\t\t\t\t<div class=\"raven-post-image-wrap\">\r\n\t\t\t<a class=\"raven-post-image raven-image-fit\"  href=\"https:\/\/elektrikalanya.com\/de\/elektrik-panosu-sigorta-ve-spd-secimi-alanyada-guvenli-kurulum-rehberi\/\"><img loading=\"lazy\" decoding=\"async\" width=\"1024\" height=\"1024\" src=\"https:\/\/elektrikalanya.com\/wp-content\/uploads\/2025\/08\/6.png\" class=\"attachment-large size-large wp-image-704\" alt=\"\" srcset=\"https:\/\/elektrikalanya.com\/wp-content\/uploads\/2025\/08\/6.png 1024w, https:\/\/elektrikalanya.com\/wp-content\/uploads\/2025\/08\/6-300x300.png 300w, https:\/\/elektrikalanya.com\/wp-content\/uploads\/2025\/08\/6-150x150.png 150w, https:\/\/elektrikalanya.com\/wp-content\/uploads\/2025\/08\/6-768x768.png 768w, https:\/\/elektrikalanya.com\/wp-content\/uploads\/2025\/08\/6-12x12.png 12w, https:\/\/elektrikalanya.com\/wp-content\/uploads\/2025\/08\/6-500x500.png 500w\" sizes=\"(max-width: 1024px) 100vw, 1024px\" \/> <span class=\"raven-post-image-overlay\"><\/span><\/a>\t\t<\/div>\r\n\t\t\r\n\t\t\t\t\t<div class=\"raven-post-content\">\r\n\t\t\t\t\t\t<h3 class=\"raven-post-title\"><a class=\"raven-post-title-link\" href=\"https:\/\/elektrikalanya.com\/de\/elektrik-panosu-sigorta-ve-spd-secimi-alanyada-guvenli-kurulum-rehberi\/\">Auswahl von Schalttafel, Sicherung und \u00dcberspannungsschutz: Leitfaden zur sicheren Installation in Alanya<\/a><\/h3><div class=\"raven-post-excerpt\">Schalttafel, Sicherung und \u00dcberspannungsschutz ausw\u00e4hlen: Ein Leitfaden f\u00fcr eine sichere Installation in Alanya. Die Schalttafel ist das Herzst\u00fcck einer sicheren elektrischen Infrastruktur. Die Wahl der richtigen Sicherung (MCB\/RCBO), des Fehlerstromschutzschalters (RCD) und des \u00dcberspannungsschutzes (SPD)<\/div>\t\t<div class=\"raven-post-read-more\">\r\n\t\t\t<a class=\"raven-post-button\" href=\"https:\/\/elektrikalanya.com\/de\/elektrik-panosu-sigorta-ve-spd-secimi-alanyada-guvenli-kurulum-rehberi\/\"><span class=\"raven-post-button-text\">Mehr lesen<\/span><\/a>\r\n\t\t<\/div>\r\n\t\t\t\t\t\t\t<\/div>\r\n\t\t\t\t<\/div>\r\n\t\t\t<\/div>\r\n\t\t<\/div>\r\n\t\t\t\t\t\t<\/div>\r\n\t\t<div class=\"swiper-pagination swiper-pager-outside bullets-pagination-type\"><\/div>\r\n\t\t<\/div>\r\n\r\n\t\t\t\t\t\t\t<div class=\"swiper-button-prev\"><\/div>\r\n\t\t\t\t<div class=\"swiper-button-next\"><\/div>\r\n\t\t\t\r\n\t\t<\/div>\r\n\t\t\t\t\t\t<\/div>\n\t\t\t\t<\/div>\n\t\t\t\t<\/div>\n\t\t\t\t\t<\/div>\n\t\t\t\t<\/div>\n\t\t\t\t<\/div>","protected":false},"excerpt":{"rendered":"<p>Blog Yaz\u0131lar\u0131m\u0131z Sizin \u0130\u00e7in Haz\u0131rlad\u0131klar\u0131m\u0131z Test Blog Yaz\u0131s\u0131 Ba\u015fl\u0131\u011f\u0131 Lorem ipsum dolor sit amet, consectetur adipiscing elit. Ut elit tellus, luctus nec ullamcorper mattis, pulvinar dapibus leo.Lorem ipsum dolor sit amet, consectetur adipiscing elit. Ut elit tellus, luctus nec Devam\u0131n\u0131 Oku Test Blog Yaz\u0131s\u0131 Ba\u015fl\u0131\u011f\u0131 Lorem ipsum dolor sit amet, consectetur adipiscing elit. Ut elit [&hellip;]<\/p>","protected":false},"author":1,"featured_media":634,"parent":0,"menu_order":0,"comment_status":"closed","ping_status":"closed","template":"elementor_header_footer","meta":{"_acf_changed":false,"footnotes":""},"class_list":["post-105","page","type-page","status-publish","has-post-thumbnail","hentry"],"acf":[],"yoast_head":"<!-- This site is optimized with the Yoast SEO plugin v25.6 - https:\/\/yoast.com\/wordpress\/plugins\/seo\/ -->\n<title>Blog<\/title>\n<meta name=\"robots\" content=\"index, follow, max-snippet:-1, max-image-preview:large, max-video-preview:-1\" \/>\n<link rel=\"canonical\" href=\"https:\/\/elektrikalanya.com\/de\/blog\/\" \/>\n<meta property=\"og:locale\" content=\"de_DE\" \/>\n<meta property=\"og:type\" content=\"article\" \/>\n<meta property=\"og:title\" content=\"Blog\" \/>\n<meta property=\"og:description\" content=\"Blog Yaz\u0131lar\u0131m\u0131z Sizin \u0130\u00e7in Haz\u0131rlad\u0131klar\u0131m\u0131z Test Blog Yaz\u0131s\u0131 Ba\u015fl\u0131\u011f\u0131 Lorem ipsum dolor sit amet, consectetur adipiscing elit. Ut elit tellus, luctus nec ullamcorper mattis, pulvinar dapibus leo.Lorem ipsum dolor sit amet, consectetur adipiscing elit. Ut elit tellus, luctus nec Devam\u0131n\u0131 Oku Test Blog Yaz\u0131s\u0131 Ba\u015fl\u0131\u011f\u0131 Lorem ipsum dolor sit amet, consectetur adipiscing elit. Ut elit [&hellip;]\" \/>\n<meta property=\"og:url\" content=\"https:\/\/elektrikalanya.com\/de\/blog\/\" \/>\n<meta property=\"og:site_name\" content=\"Alanya Elektrik\u00e7i | Alanya Elektrik | Elektrik Alanya | Elektrik\u00e7i Alanya\" \/>\n<meta property=\"article:modified_time\" content=\"2025-09-29T22:10:58+00:00\" \/>\n<meta property=\"og:image\" content=\"https:\/\/elektrikalanya.com\/wp-content\/uploads\/2025\/09\/Alanya-Elektrikci-Favicon.png\" \/>\n\t<meta property=\"og:image:width\" content=\"1024\" \/>\n\t<meta property=\"og:image:height\" content=\"1024\" \/>\n\t<meta property=\"og:image:type\" content=\"image\/png\" \/>\n<meta name=\"twitter:card\" content=\"summary_large_image\" \/>\n<meta name=\"twitter:label1\" content=\"Gesch\u00e4tzte Lesezeit\" \/>\n\t<meta name=\"twitter:data1\" content=\"6\u00a0Minuten\" \/>\n<script type=\"application\/ld+json\" class=\"yoast-schema-graph\">{\"@context\":\"https:\/\/schema.org\",\"@graph\":[{\"@type\":\"WebPage\",\"@id\":\"https:\/\/elektrikalanya.com\/blog\/\",\"url\":\"https:\/\/elektrikalanya.com\/blog\/\",\"name\":\"Blog\",\"isPartOf\":{\"@id\":\"https:\/\/elektrikalanya.com\/#website\"},\"primaryImageOfPage\":{\"@id\":\"https:\/\/elektrikalanya.com\/blog\/#primaryimage\"},\"image\":{\"@id\":\"https:\/\/elektrikalanya.com\/blog\/#primaryimage\"},\"thumbnailUrl\":\"https:\/\/elektrikalanya.com\/wp-content\/uploads\/2025\/09\/Alanya-Elektrikci-Favicon.png\",\"datePublished\":\"2020-06-24T07:16:32+00:00\",\"dateModified\":\"2025-09-29T22:10:58+00:00\",\"breadcrumb\":{\"@id\":\"https:\/\/elektrikalanya.com\/blog\/#breadcrumb\"},\"inLanguage\":\"de\",\"potentialAction\":[{\"@type\":\"ReadAction\",\"target\":[\"https:\/\/elektrikalanya.com\/blog\/\"]}]},{\"@type\":\"ImageObject\",\"inLanguage\":\"de\",\"@id\":\"https:\/\/elektrikalanya.com\/blog\/#primaryimage\",\"url\":\"https:\/\/elektrikalanya.com\/wp-content\/uploads\/2025\/09\/Alanya-Elektrikci-Favicon.png\",\"contentUrl\":\"https:\/\/elektrikalanya.com\/wp-content\/uploads\/2025\/09\/Alanya-Elektrikci-Favicon.png\",\"width\":1024,\"height\":1024},{\"@type\":\"BreadcrumbList\",\"@id\":\"https:\/\/elektrikalanya.com\/blog\/#breadcrumb\",\"itemListElement\":[{\"@type\":\"ListItem\",\"position\":1,\"name\":\"Anasayfa\",\"item\":\"https:\/\/elektrikalanya.com\/\"},{\"@type\":\"ListItem\",\"position\":2,\"name\":\"Blog\"}]},{\"@type\":\"WebSite\",\"@id\":\"https:\/\/elektrikalanya.com\/#website\",\"url\":\"https:\/\/elektrikalanya.com\/\",\"name\":\"Alanya Elektrik\u00e7i | Alanya Elektrik | Elektrik Alanya | Elektrik\u00e7i Alanya\",\"description\":\"Alanya Elektrik\u00e7i | Alanya Elektrik | Elektrik Alanya | Elektrik\u00e7i Alanya\",\"potentialAction\":[{\"@type\":\"SearchAction\",\"target\":{\"@type\":\"EntryPoint\",\"urlTemplate\":\"https:\/\/elektrikalanya.com\/?s={search_term_string}\"},\"query-input\":{\"@type\":\"PropertyValueSpecification\",\"valueRequired\":true,\"valueName\":\"search_term_string\"}}],\"inLanguage\":\"de\"}]}<\/script>\n<!-- \/ Yoast SEO plugin. -->","yoast_head_json":{"title":"Blog","robots":{"index":"index","follow":"follow","max-snippet":"max-snippet:-1","max-image-preview":"max-image-preview:large","max-video-preview":"max-video-preview:-1"},"canonical":"https:\/\/elektrikalanya.com\/de\/blog\/","og_locale":"de_DE","og_type":"article","og_title":"Blog","og_description":"Blog Yaz\u0131lar\u0131m\u0131z Sizin \u0130\u00e7in Haz\u0131rlad\u0131klar\u0131m\u0131z Test Blog Yaz\u0131s\u0131 Ba\u015fl\u0131\u011f\u0131 Lorem ipsum dolor sit amet, consectetur adipiscing elit. Ut elit tellus, luctus nec ullamcorper mattis, pulvinar dapibus leo.Lorem ipsum dolor sit amet, consectetur adipiscing elit. Ut elit tellus, luctus nec Devam\u0131n\u0131 Oku Test Blog Yaz\u0131s\u0131 Ba\u015fl\u0131\u011f\u0131 Lorem ipsum dolor sit amet, consectetur adipiscing elit. Ut elit [&hellip;]","og_url":"https:\/\/elektrikalanya.com\/de\/blog\/","og_site_name":"Alanya Elektrik\u00e7i | Alanya Elektrik | Elektrik Alanya | Elektrik\u00e7i Alanya","article_modified_time":"2025-09-29T22:10:58+00:00","og_image":[{"width":1024,"height":1024,"url":"https:\/\/elektrikalanya.com\/wp-content\/uploads\/2025\/09\/Alanya-Elektrikci-Favicon.png","type":"image\/png"}],"twitter_card":"summary_large_image","twitter_misc":{"Gesch\u00e4tzte Lesezeit":"6\u00a0Minuten"},"schema":{"@context":"https:\/\/schema.org","@graph":[{"@type":"WebPage","@id":"https:\/\/elektrikalanya.com\/blog\/","url":"https:\/\/elektrikalanya.com\/blog\/","name":"Blog","isPartOf":{"@id":"https:\/\/elektrikalanya.com\/#website"},"primaryImageOfPage":{"@id":"https:\/\/elektrikalanya.com\/blog\/#primaryimage"},"image":{"@id":"https:\/\/elektrikalanya.com\/blog\/#primaryimage"},"thumbnailUrl":"https:\/\/elektrikalanya.com\/wp-content\/uploads\/2025\/09\/Alanya-Elektrikci-Favicon.png","datePublished":"2020-06-24T07:16:32+00:00","dateModified":"2025-09-29T22:10:58+00:00","breadcrumb":{"@id":"https:\/\/elektrikalanya.com\/blog\/#breadcrumb"},"inLanguage":"de","potentialAction":[{"@type":"ReadAction","target":["https:\/\/elektrikalanya.com\/blog\/"]}]},{"@type":"ImageObject","inLanguage":"de","@id":"https:\/\/elektrikalanya.com\/blog\/#primaryimage","url":"https:\/\/elektrikalanya.com\/wp-content\/uploads\/2025\/09\/Alanya-Elektrikci-Favicon.png","contentUrl":"https:\/\/elektrikalanya.com\/wp-content\/uploads\/2025\/09\/Alanya-Elektrikci-Favicon.png","width":1024,"height":1024},{"@type":"BreadcrumbList","@id":"https:\/\/elektrikalanya.com\/blog\/#breadcrumb","itemListElement":[{"@type":"ListItem","position":1,"name":"Anasayfa","item":"https:\/\/elektrikalanya.com\/"},{"@type":"ListItem","position":2,"name":"Blog"}]},{"@type":"WebSite","@id":"https:\/\/elektrikalanya.com\/#website","url":"https:\/\/elektrikalanya.com\/","name":"Alanya Elektrik\u00e7i | Alanya Elektrik | Elektrik Alanya | Elektrik\u00e7i Alanya","description":"Alanya Elektrik\u00e7i | Alanya Elektrik | Elektrik Alanya | Elektrik\u00e7i Alanya","potentialAction":[{"@type":"SearchAction","target":{"@type":"EntryPoint","urlTemplate":"https:\/\/elektrikalanya.com\/?s={search_term_string}"},"query-input":{"@type":"PropertyValueSpecification","valueRequired":true,"valueName":"search_term_string"}}],"inLanguage":"de"}]}},"_links":{"self":[{"href":"https:\/\/elektrikalanya.com\/de\/wp-json\/wp\/v2\/pages\/105","targetHints":{"allow":["GET"]}}],"collection":[{"href":"https:\/\/elektrikalanya.com\/de\/wp-json\/wp\/v2\/pages"}],"about":[{"href":"https:\/\/elektrikalanya.com\/de\/wp-json\/wp\/v2\/types\/page"}],"author":[{"embeddable":true,"href":"https:\/\/elektrikalanya.com\/de\/wp-json\/wp\/v2\/users\/1"}],"replies":[{"embeddable":true,"href":"https:\/\/elektrikalanya.com\/de\/wp-json\/wp\/v2\/comments?post=105"}],"version-history":[{"count":9,"href":"https:\/\/elektrikalanya.com\/de\/wp-json\/wp\/v2\/pages\/105\/revisions"}],"predecessor-version":[{"id":695,"href":"https:\/\/elektrikalanya.com\/de\/wp-json\/wp\/v2\/pages\/105\/revisions\/695"}],"wp:featuredmedia":[{"embeddable":true,"href":"https:\/\/elektrikalanya.com\/de\/wp-json\/wp\/v2\/media\/634"}],"wp:attachment":[{"href":"https:\/\/elektrikalanya.com\/de\/wp-json\/wp\/v2\/media?parent=105"}],"curies":[{"name":"wp","href":"https:\/\/api.w.org\/{rel}","templated":true}]}}