{"id":435,"date":"2025-08-10T01:59:43","date_gmt":"2025-08-09T22:59:43","guid":{"rendered":"https:\/\/elektrikalanya.com\/?page_id=435"},"modified":"2025-09-29T21:46:27","modified_gmt":"2025-09-29T18:46:27","slug":"gizlilik-ilkesi","status":"publish","type":"page","link":"https:\/\/elektrikalanya.com\/de\/gizlilik-ilkesi\/","title":{"rendered":"Datenschutzrichtlinie"},"content":{"rendered":"<div data-elementor-type=\"wp-page\" data-elementor-id=\"435\" class=\"elementor elementor-435\">\n\t\t\t\t<div class=\"elementor-element elementor-element-7a4f1bc e-flex e-con-boxed elementor-invisible e-con e-parent\" data-id=\"7a4f1bc\" data-element_type=\"container\" data-settings=\"{&quot;jet_parallax_layout_list&quot;:[],&quot;animation&quot;:&quot;fadeInUp&quot;}\">\n\t\t\t\t\t<div class=\"e-con-inner\">\n\t\t\t\t<div class=\"elementor-element elementor-element-be022e4 elementor-widget elementor-widget-heading\" data-id=\"be022e4\" data-element_type=\"widget\" data-widget_type=\"heading.default\">\n\t\t\t\t\t<h2 class=\"elementor-heading-title elementor-size-default\">Datenschutzrichtlinie<\/h2>\t\t\t\t<\/div>\n\t\t\t\t<div class=\"elementor-element elementor-element-eeca750 elementor-widget elementor-widget-text-editor\" data-id=\"eeca750\" data-element_type=\"widget\" data-widget_type=\"text-editor.default\">\n\t\t\t\t\t\t\t\t\t<p>Diese Datenschutzrichtlinie erl\u00e4utert, wie wir die personenbezogenen Daten unserer Website-Besucher erheben, verwenden, speichern und sch\u00fctzen. Durch die Nutzung unserer Website erkl\u00e4ren Sie sich mit den in dieser Richtlinie dargelegten Bedingungen einverstanden.<\/p><p><strong>1. Erfasste Informationen<\/strong><br \/>\u00dcber unsere Website k\u00f6nnen folgende Arten von Informationen erfasst werden:<\/p><p>Pers\u00f6nliche Informationen wie Name, Nachname, E-Mail-Adresse, Telefonnummer (wenn Sie ein Formular ausf\u00fcllen oder sich registrieren)<\/p><p>Technische Daten wie IP-Adresse, Browsertyp, Betriebssysteminformationen, Datum und Uhrzeit des Besuchs<\/p><p>Durch Cookies und \u00e4hnliche Technologien erhobene Nutzungsdaten<\/p><p><strong>2. Zwecke der Informationsverwendung<\/strong><br \/>Die erhobenen Daten k\u00f6nnen f\u00fcr folgende Zwecke verwendet werden:<\/p><p>Zur Bereitstellung, Verbesserung und Personalisierung unserer Dienste<\/p><p>Beantwortung Ihrer Anfragen und Fragen<\/p><p>Verbesserung der Benutzererfahrung<\/p><p>Zur Erf\u00fcllung unserer gesetzlichen Verpflichtungen<\/p><p>Zur Durchf\u00fchrung von Marketing- und Informationsaktivit\u00e4ten (mit Ihrer Zustimmung)<\/p><p><strong>3. Cookies<\/strong><br \/>Unsere Website verwendet Cookies, um Ihr Benutzererlebnis zu verbessern. Sie k\u00f6nnen Cookies in Ihren Browsereinstellungen deaktivieren oder Warnungen erhalten. Das Deaktivieren von Cookies kann jedoch dazu f\u00fchren, dass einige Funktionen der Website nicht mehr funktionieren.<\/p><p><strong>4. Weitergabe von Informationen<\/strong><br \/>Ihre personenbezogenen Daten;<\/p><p>Rechtliche Verpflichtungen<\/p><p>Anfragen von Justizbeh\u00f6rden<\/p><p>Vertrauensw\u00fcrdige Drittparteien, die als Partner Dienstleistungen erbringen (Hosting, Zahlung, Logistik usw.)<br \/>Es erfolgt keine Weitergabe an Dritte, au\u00dfer.<\/p><p><strong>5. Datensicherheit<\/strong><br \/>Um die Sicherheit Ihrer personenbezogenen Daten zu gew\u00e4hrleisten, werden branchen\u00fcbliche technische und administrative Ma\u00dfnahmen ergriffen. Eine vollst\u00e4ndige Sicherheit der Daten\u00fcbertragung im Internet kann jedoch nicht garantiert werden.<\/p><p><strong>6. Links von Drittanbietern<\/strong><br \/>Unsere Website kann Links zu Websites Dritter enthalten. Wir sind nicht f\u00fcr die Datenschutzpraktiken dieser Websites verantwortlich.<\/p><p><strong>7. Ihre Rechte<\/strong><br \/>In Bezug auf Ihre pers\u00f6nlichen Daten;<\/p><p>Zugriff anfordern<\/p><p>Korrektur anfordern<\/p><p>L\u00f6schung beantragen<\/p><p>Einschr\u00e4nkung der Verarbeitung<\/p><p>Daten\u00fcbertragbarkeit beantragen<br \/>Sie haben diese Rechte. Um diese Rechte auszu\u00fcben, k\u00f6nnen Sie uns kontaktieren.<\/p><p><strong>8. Richtlinien\u00e4nderungen<\/strong><br \/>Diese Datenschutzrichtlinie kann von Zeit zu Zeit aktualisiert werden. \u00c4nderungen treten mit dem Datum ihrer Ver\u00f6ffentlichung auf unserer Website in Kraft.<\/p>\t\t\t\t\t\t\t\t<\/div>\n\t\t\t\t\t<\/div>\n\t\t\t\t<\/div>\n\t\t\t\t<\/div>","protected":false},"excerpt":{"rendered":"<p>Gizlilik \u0130lkesi Bu Gizlilik Politikas\u0131, web sitemizi ziyaret eden kullan\u0131c\u0131lar\u0131n ki\u015fisel verilerinin toplanmas\u0131, kullan\u0131lmas\u0131, saklanmas\u0131 ve korunmas\u0131na ili\u015fkin esaslar\u0131 a\u00e7\u0131klar. Sitemizi kullanarak, bu politikada belirtilen \u015fartlar\u0131 kabul etmi\u015f olursunuz. 1. Toplanan Bilgiler Web sitemiz arac\u0131l\u0131\u011f\u0131yla a\u015fa\u011f\u0131daki t\u00fcrde bilgiler toplanabilir: Ad, soyad, e-posta adresi, telefon numaras\u0131 gibi ki\u015fisel bilgiler (form doldurdu\u011funuzda veya kay\u0131t oldu\u011funuzda) IP adresi, [&hellip;]<\/p>","protected":false},"author":1,"featured_media":634,"parent":0,"menu_order":0,"comment_status":"closed","ping_status":"closed","template":"elementor_header_footer","meta":{"_acf_changed":false,"footnotes":""},"class_list":["post-435","page","type-page","status-publish","has-post-thumbnail","hentry"],"acf":[],"yoast_head":"<!-- This site is optimized with the Yoast SEO plugin v25.6 - https:\/\/yoast.com\/wordpress\/plugins\/seo\/ -->\n<title>Gizlilik \u0130lkesi - Alanya Elektrik\u00e7i | Alanya Elektrik | Elektrik Alanya | Elektrik\u00e7i Alanya<\/title>\n<meta name=\"robots\" content=\"index, follow, max-snippet:-1, max-image-preview:large, max-video-preview:-1\" \/>\n<link rel=\"canonical\" href=\"https:\/\/elektrikalanya.com\/de\/gizlilik-ilkesi\/\" \/>\n<meta property=\"og:locale\" content=\"de_DE\" \/>\n<meta property=\"og:type\" content=\"article\" \/>\n<meta property=\"og:title\" content=\"Gizlilik \u0130lkesi - Alanya Elektrik\u00e7i | Alanya Elektrik | Elektrik Alanya | Elektrik\u00e7i Alanya\" \/>\n<meta property=\"og:description\" content=\"Gizlilik \u0130lkesi Bu Gizlilik Politikas\u0131, web sitemizi ziyaret eden kullan\u0131c\u0131lar\u0131n ki\u015fisel verilerinin toplanmas\u0131, kullan\u0131lmas\u0131, saklanmas\u0131 ve korunmas\u0131na ili\u015fkin esaslar\u0131 a\u00e7\u0131klar. Sitemizi kullanarak, bu politikada belirtilen \u015fartlar\u0131 kabul etmi\u015f olursunuz. 1. Toplanan Bilgiler Web sitemiz arac\u0131l\u0131\u011f\u0131yla a\u015fa\u011f\u0131daki t\u00fcrde bilgiler toplanabilir: Ad, soyad, e-posta adresi, telefon numaras\u0131 gibi ki\u015fisel bilgiler (form doldurdu\u011funuzda veya kay\u0131t oldu\u011funuzda) IP adresi, [&hellip;]\" \/>\n<meta property=\"og:url\" content=\"https:\/\/elektrikalanya.com\/de\/gizlilik-ilkesi\/\" \/>\n<meta property=\"og:site_name\" content=\"Alanya Elektrik\u00e7i | Alanya Elektrik | Elektrik Alanya | Elektrik\u00e7i Alanya\" \/>\n<meta property=\"article:modified_time\" content=\"2025-09-29T18:46:27+00:00\" \/>\n<meta property=\"og:image\" content=\"https:\/\/elektrikalanya.com\/wp-content\/uploads\/2025\/09\/Alanya-Elektrikci-Favicon.png\" \/>\n\t<meta property=\"og:image:width\" content=\"1024\" \/>\n\t<meta property=\"og:image:height\" content=\"1024\" \/>\n\t<meta property=\"og:image:type\" content=\"image\/png\" \/>\n<meta name=\"twitter:card\" content=\"summary_large_image\" \/>\n<meta name=\"twitter:label1\" content=\"Gesch\u00e4tzte Lesezeit\" \/>\n\t<meta name=\"twitter:data1\" content=\"2\u00a0Minuten\" \/>\n<script type=\"application\/ld+json\" class=\"yoast-schema-graph\">{\"@context\":\"https:\/\/schema.org\",\"@graph\":[{\"@type\":\"WebPage\",\"@id\":\"https:\/\/elektrikalanya.com\/gizlilik-ilkesi\/\",\"url\":\"https:\/\/elektrikalanya.com\/gizlilik-ilkesi\/\",\"name\":\"Gizlilik \u0130lkesi - Alanya Elektrik\u00e7i | Alanya Elektrik | Elektrik Alanya | Elektrik\u00e7i Alanya\",\"isPartOf\":{\"@id\":\"https:\/\/elektrikalanya.com\/#website\"},\"primaryImageOfPage\":{\"@id\":\"https:\/\/elektrikalanya.com\/gizlilik-ilkesi\/#primaryimage\"},\"image\":{\"@id\":\"https:\/\/elektrikalanya.com\/gizlilik-ilkesi\/#primaryimage\"},\"thumbnailUrl\":\"https:\/\/elektrikalanya.com\/wp-content\/uploads\/2025\/09\/Alanya-Elektrikci-Favicon.png\",\"datePublished\":\"2025-08-09T22:59:43+00:00\",\"dateModified\":\"2025-09-29T18:46:27+00:00\",\"breadcrumb\":{\"@id\":\"https:\/\/elektrikalanya.com\/gizlilik-ilkesi\/#breadcrumb\"},\"inLanguage\":\"de\",\"potentialAction\":[{\"@type\":\"ReadAction\",\"target\":[\"https:\/\/elektrikalanya.com\/gizlilik-ilkesi\/\"]}]},{\"@type\":\"ImageObject\",\"inLanguage\":\"de\",\"@id\":\"https:\/\/elektrikalanya.com\/gizlilik-ilkesi\/#primaryimage\",\"url\":\"https:\/\/elektrikalanya.com\/wp-content\/uploads\/2025\/09\/Alanya-Elektrikci-Favicon.png\",\"contentUrl\":\"https:\/\/elektrikalanya.com\/wp-content\/uploads\/2025\/09\/Alanya-Elektrikci-Favicon.png\",\"width\":1024,\"height\":1024},{\"@type\":\"BreadcrumbList\",\"@id\":\"https:\/\/elektrikalanya.com\/gizlilik-ilkesi\/#breadcrumb\",\"itemListElement\":[{\"@type\":\"ListItem\",\"position\":1,\"name\":\"Anasayfa\",\"item\":\"https:\/\/elektrikalanya.com\/\"},{\"@type\":\"ListItem\",\"position\":2,\"name\":\"Gizlilik \u0130lkesi\"}]},{\"@type\":\"WebSite\",\"@id\":\"https:\/\/elektrikalanya.com\/#website\",\"url\":\"https:\/\/elektrikalanya.com\/\",\"name\":\"Alanya Elektrik\u00e7i | Alanya Elektrik | Elektrik Alanya | Elektrik\u00e7i Alanya\",\"description\":\"Alanya Elektrik\u00e7i | Alanya Elektrik | Elektrik Alanya | Elektrik\u00e7i Alanya\",\"potentialAction\":[{\"@type\":\"SearchAction\",\"target\":{\"@type\":\"EntryPoint\",\"urlTemplate\":\"https:\/\/elektrikalanya.com\/?s={search_term_string}\"},\"query-input\":{\"@type\":\"PropertyValueSpecification\",\"valueRequired\":true,\"valueName\":\"search_term_string\"}}],\"inLanguage\":\"de\"}]}<\/script>\n<!-- \/ Yoast SEO plugin. -->","yoast_head_json":{"title":"Gizlilik \u0130lkesi - Alanya Elektrik\u00e7i | Alanya Elektrik | Elektrik Alanya | Elektrik\u00e7i Alanya","robots":{"index":"index","follow":"follow","max-snippet":"max-snippet:-1","max-image-preview":"max-image-preview:large","max-video-preview":"max-video-preview:-1"},"canonical":"https:\/\/elektrikalanya.com\/de\/gizlilik-ilkesi\/","og_locale":"de_DE","og_type":"article","og_title":"Gizlilik \u0130lkesi - Alanya Elektrik\u00e7i | Alanya Elektrik | Elektrik Alanya | Elektrik\u00e7i Alanya","og_description":"Gizlilik \u0130lkesi Bu Gizlilik Politikas\u0131, web sitemizi ziyaret eden kullan\u0131c\u0131lar\u0131n ki\u015fisel verilerinin toplanmas\u0131, kullan\u0131lmas\u0131, saklanmas\u0131 ve korunmas\u0131na ili\u015fkin esaslar\u0131 a\u00e7\u0131klar. Sitemizi kullanarak, bu politikada belirtilen \u015fartlar\u0131 kabul etmi\u015f olursunuz. 1. Toplanan Bilgiler Web sitemiz arac\u0131l\u0131\u011f\u0131yla a\u015fa\u011f\u0131daki t\u00fcrde bilgiler toplanabilir: Ad, soyad, e-posta adresi, telefon numaras\u0131 gibi ki\u015fisel bilgiler (form doldurdu\u011funuzda veya kay\u0131t oldu\u011funuzda) IP adresi, [&hellip;]","og_url":"https:\/\/elektrikalanya.com\/de\/gizlilik-ilkesi\/","og_site_name":"Alanya Elektrik\u00e7i | Alanya Elektrik | Elektrik Alanya | Elektrik\u00e7i Alanya","article_modified_time":"2025-09-29T18:46:27+00:00","og_image":[{"width":1024,"height":1024,"url":"https:\/\/elektrikalanya.com\/wp-content\/uploads\/2025\/09\/Alanya-Elektrikci-Favicon.png","type":"image\/png"}],"twitter_card":"summary_large_image","twitter_misc":{"Gesch\u00e4tzte Lesezeit":"2\u00a0Minuten"},"schema":{"@context":"https:\/\/schema.org","@graph":[{"@type":"WebPage","@id":"https:\/\/elektrikalanya.com\/gizlilik-ilkesi\/","url":"https:\/\/elektrikalanya.com\/gizlilik-ilkesi\/","name":"Gizlilik \u0130lkesi - Alanya Elektrik\u00e7i | Alanya Elektrik | Elektrik Alanya | Elektrik\u00e7i Alanya","isPartOf":{"@id":"https:\/\/elektrikalanya.com\/#website"},"primaryImageOfPage":{"@id":"https:\/\/elektrikalanya.com\/gizlilik-ilkesi\/#primaryimage"},"image":{"@id":"https:\/\/elektrikalanya.com\/gizlilik-ilkesi\/#primaryimage"},"thumbnailUrl":"https:\/\/elektrikalanya.com\/wp-content\/uploads\/2025\/09\/Alanya-Elektrikci-Favicon.png","datePublished":"2025-08-09T22:59:43+00:00","dateModified":"2025-09-29T18:46:27+00:00","breadcrumb":{"@id":"https:\/\/elektrikalanya.com\/gizlilik-ilkesi\/#breadcrumb"},"inLanguage":"de","potentialAction":[{"@type":"ReadAction","target":["https:\/\/elektrikalanya.com\/gizlilik-ilkesi\/"]}]},{"@type":"ImageObject","inLanguage":"de","@id":"https:\/\/elektrikalanya.com\/gizlilik-ilkesi\/#primaryimage","url":"https:\/\/elektrikalanya.com\/wp-content\/uploads\/2025\/09\/Alanya-Elektrikci-Favicon.png","contentUrl":"https:\/\/elektrikalanya.com\/wp-content\/uploads\/2025\/09\/Alanya-Elektrikci-Favicon.png","width":1024,"height":1024},{"@type":"BreadcrumbList","@id":"https:\/\/elektrikalanya.com\/gizlilik-ilkesi\/#breadcrumb","itemListElement":[{"@type":"ListItem","position":1,"name":"Anasayfa","item":"https:\/\/elektrikalanya.com\/"},{"@type":"ListItem","position":2,"name":"Gizlilik \u0130lkesi"}]},{"@type":"WebSite","@id":"https:\/\/elektrikalanya.com\/#website","url":"https:\/\/elektrikalanya.com\/","name":"Alanya Elektrik\u00e7i | Alanya Elektrik | Elektrik Alanya | Elektrik\u00e7i Alanya","description":"Alanya Elektrik\u00e7i | Alanya Elektrik | Elektrik Alanya | Elektrik\u00e7i Alanya","potentialAction":[{"@type":"SearchAction","target":{"@type":"EntryPoint","urlTemplate":"https:\/\/elektrikalanya.com\/?s={search_term_string}"},"query-input":{"@type":"PropertyValueSpecification","valueRequired":true,"valueName":"search_term_string"}}],"inLanguage":"de"}]}},"_links":{"self":[{"href":"https:\/\/elektrikalanya.com\/de\/wp-json\/wp\/v2\/pages\/435","targetHints":{"allow":["GET"]}}],"collection":[{"href":"https:\/\/elektrikalanya.com\/de\/wp-json\/wp\/v2\/pages"}],"about":[{"href":"https:\/\/elektrikalanya.com\/de\/wp-json\/wp\/v2\/types\/page"}],"author":[{"embeddable":true,"href":"https:\/\/elektrikalanya.com\/de\/wp-json\/wp\/v2\/users\/1"}],"replies":[{"embeddable":true,"href":"https:\/\/elektrikalanya.com\/de\/wp-json\/wp\/v2\/comments?post=435"}],"version-history":[{"count":11,"href":"https:\/\/elektrikalanya.com\/de\/wp-json\/wp\/v2\/pages\/435\/revisions"}],"predecessor-version":[{"id":639,"href":"https:\/\/elektrikalanya.com\/de\/wp-json\/wp\/v2\/pages\/435\/revisions\/639"}],"wp:featuredmedia":[{"embeddable":true,"href":"https:\/\/elektrikalanya.com\/de\/wp-json\/wp\/v2\/media\/634"}],"wp:attachment":[{"href":"https:\/\/elektrikalanya.com\/de\/wp-json\/wp\/v2\/media?parent=435"}],"curies":[{"name":"wp","href":"https:\/\/api.w.org\/{rel}","templated":true}]}}