{"id":455,"date":"2025-08-10T02:12:52","date_gmt":"2025-08-09T23:12:52","guid":{"rendered":"https:\/\/elektrikalanya.com\/?page_id=455"},"modified":"2025-09-29T21:46:56","modified_gmt":"2025-09-29T18:46:56","slug":"kisisel-verilerin-korunmasi-kanunu","status":"publish","type":"page","link":"https:\/\/elektrikalanya.com\/de\/kisisel-verilerin-korunmasi-kanunu\/","title":{"rendered":"Gesetz zum Schutz personenbezogener Daten"},"content":{"rendered":"<div data-elementor-type=\"wp-page\" data-elementor-id=\"455\" class=\"elementor elementor-455\">\n\t\t\t\t<div class=\"elementor-element elementor-element-73032ef e-flex e-con-boxed elementor-invisible e-con e-parent\" data-id=\"73032ef\" data-element_type=\"container\" data-settings=\"{&quot;jet_parallax_layout_list&quot;:[],&quot;animation&quot;:&quot;fadeInUp&quot;}\">\n\t\t\t\t\t<div class=\"e-con-inner\">\n\t\t\t\t<div class=\"elementor-element elementor-element-a290b8c elementor-widget elementor-widget-heading\" data-id=\"a290b8c\" data-element_type=\"widget\" data-widget_type=\"heading.default\">\n\t\t\t\t\t<h2 class=\"elementor-heading-title elementor-size-default\">Datenschutzrichtlinie und Datenverarbeitungsrichtlinie\n<\/h2>\t\t\t\t<\/div>\n\t\t\t\t<div class=\"elementor-element elementor-element-1f82239 elementor-widget elementor-widget-text-editor\" data-id=\"1f82239\" data-element_type=\"widget\" data-widget_type=\"text-editor.default\">\n\t\t\t\t\t\t\t\t\t<p>Diese Richtlinie legt die Grunds\u00e4tze f\u00fcr die Verarbeitung, Speicherung und den Schutz personenbezogener Daten von Personen (\u201eBetroffene Person\u201c) fest, die unsere Website nutzen, in \u00dcbereinstimmung mit dem t\u00fcrkischen Datenschutzgesetz Nr. 6698 (KVKK) und der Datenschutz-Grundverordnung der Europ\u00e4ischen Union (DSGVO).<\/p><p><strong>1. Datenverantwortlicher<\/strong><br \/>Wir als Verantwortlicher f\u00fcr die Datenverarbeitung sind im Rahmen der geltenden gesetzlichen Bestimmungen f\u00fcr die auf dieser Website erhobenen personenbezogenen Daten verantwortlich. Sie k\u00f6nnen uns \u00fcber die auf der Website angegebenen Kontaktm\u00f6glichkeiten erreichen.<\/p><p><strong>2. Erhebung personenbezogener Daten<\/strong><br \/>Folgende Daten k\u00f6nnen vom Nutzer entweder direkt oder automatisch erhoben werden:<\/p><p>Identit\u00e4tsinformationen: Vorname, Nachname, Benutzername, Geburtsdatum<\/p><p>Kontaktinformationen: Telefonnummer, E-Mail-Adresse, Postanschrift<\/p><p>Technische Informationen: IP-Adresse, Browsertyp, Betriebssystem, Ger\u00e4teinformationen<\/p><p>Nutzungsinformationen: Website-Navigation, Transaktionsverlauf, Klickprotokolle<\/p><p>Finanzinformationen: Zahlungs- und Rechnungsinformationen (falls eine Transaktion stattfindet)<\/p><p>Cookie-Daten: Informationen, die mithilfe von Cookies gesammelt werden.<\/p><p><strong>3. Zwecke der Verarbeitung personenbezogener Daten<\/strong><br \/>Die erhobenen Daten k\u00f6nnen zu folgenden Zwecken verarbeitet werden:<\/p><p>Bereitstellung, Entwicklung und Personalisierung von Dienstleistungen<\/p><p>Mitgliedschafts- und Transaktionsprozessmanagement<\/p><p>Beantwortung von Anfragen und Beschwerden<\/p><p>Erf\u00fcllung rechtlicher Verpflichtungen<\/p><p>Verbesserung der Benutzererfahrung<\/p><p>Marketing-, Kampagnen- und Informationsaktivit\u00e4ten (mit ausdr\u00fccklicher Einwilligung)<\/p><p><strong>4. Rechtsgrundlage<\/strong><br \/>Ihre personenbezogenen Daten;<\/p><p>Ausdr\u00fcckliche Zustimmung<\/p><p>Vertragserf\u00fcllung<\/p><p>Erf\u00fcllung einer rechtlichen Verpflichtung<\/p><p>Berechtigtes Interesse<br \/>Es erfolgt auf rechtlicher Grundlage.<\/p><p><strong>5. Datenaufbewahrungsdauer<\/strong><br \/>Personenbezogene Daten werden f\u00fcr die in den einschl\u00e4gigen Rechtsvorschriften festgelegten Zeitr\u00e4ume oder bis zum Wegfall des Verarbeitungszwecks gespeichert. Nach Ablauf dieses Zeitraums werden die Daten sicher gel\u00f6scht, vernichtet oder anonymisiert.<\/p><p><strong>6. Weitergabe personenbezogener Daten<\/strong><br \/>Ihre personenbezogenen Daten werden ausschlie\u00dflich von folgenden Stellen verarbeitet:<\/p><p>Rechtliche Verpflichtungen<\/p><p>Anfragen von autorisierten \u00f6ffentlichen Institutionen und Organisationen<\/p><p>Unsere Servicepartner (Hosting, Versand, Zahlung usw.)<br \/>Sie werden in solchen Situationen geteilt.<\/p><p>Die Daten werden nicht zu kommerziellen Zwecken an Dritte verkauft oder weitergegeben.<\/p><p><strong>7. Datentransfer ins Ausland<\/strong><br \/>Sofern dies f\u00fcr den Dienst erforderlich ist, k\u00f6nnen Ihre Daten in L\u00e4nder \u00fcbermittelt werden, in denen ein angemessener Schutz gem\u00e4\u00df den Anforderungen des KVKK und der DSGVO gew\u00e4hrleistet ist, oder ins Ausland mit Ihrer ausdr\u00fccklichen Einwilligung.<\/p><p><strong>8. Datensicherheit<\/strong><br \/>Zum Schutz Ihrer pers\u00f6nlichen Daten;<\/p><p>Technische Ma\u00dfnahmen zur Verhinderung unberechtigten Zugriffs (Verschl\u00fcsselung, Firewall, SSL usw.).<\/p><p>Autorisierung und Zugriffskontrolle<\/p><p>Verpflichtungen zur Vertraulichkeit von Personalangelegenheiten<br \/>wird implementiert.<\/p><p><strong>9. Rechte der betroffenen Person<\/strong><br \/>Gem\u00e4\u00df Artikel 11 des t\u00fcrkischen Datenschutzgesetzes (KVKK) und den Artikeln 15-22 der DSGVO haben betroffene Personen folgende Rechte:<\/p><p>Antrag auf Zugang zu personenbezogenen Daten<\/p><p>Antrag auf Datenkorrektur<\/p><p>Antrag auf L\u00f6schung oder Vernichtung von Daten.<\/p><p>Antrag auf Einschr\u00e4nkung der Verarbeitung<\/p><p>Antrag auf Portabilit\u00e4t verarbeiteter Daten.<\/p><p>Einspruch gegen den Prozess<\/p><p>Widerruf der ausdr\u00fccklichen Einwilligung<\/p><p>Zur Aus\u00fcbung dieser Rechte k\u00f6nnen Sie uns \u00fcber die auf unserer Website angegebenen Kontaktinformationen kontaktieren.<\/p><p><strong>10. Politische \u00c4nderungen<\/strong><br \/>Diese Richtlinie kann von Zeit zu Zeit aktualisiert werden. Die aktualisierte Version tritt in Kraft, sobald sie auf unserer Website ver\u00f6ffentlicht wird.<\/p>\t\t\t\t\t\t\t\t<\/div>\n\t\t\t\t\t<\/div>\n\t\t\t\t<\/div>\n\t\t\t\t<\/div>","protected":false},"excerpt":{"rendered":"<p>Datenschutzrichtlinie und Datenverarbeitung Diese Richtlinie legt die Grunds\u00e4tze f\u00fcr die Verarbeitung, Speicherung und den Schutz personenbezogener Daten von Nutzern unserer Website (\u201eBetroffene\u201c) im Rahmen des franz\u00f6sischen Datenschutzgesetzes Nr. 6698 (KVKK) und der Datenschutz-Grundverordnung (DSGVO) der Europ\u00e4ischen Union fest. 1. Verantwortlicher: Als Verantwortlicher sind wir f\u00fcr die auf dieser Website erhobenen personenbezogenen Daten im Rahmen der geltenden Rechtsvorschriften verantwortlich [\u2026]<\/p>","protected":false},"author":1,"featured_media":634,"parent":0,"menu_order":0,"comment_status":"closed","ping_status":"closed","template":"elementor_header_footer","meta":{"_acf_changed":false,"footnotes":""},"class_list":["post-455","page","type-page","status-publish","has-post-thumbnail","hentry"],"acf":[],"yoast_head":"<!-- This site is optimized with the Yoast SEO plugin v25.6 - https:\/\/yoast.com\/wordpress\/plugins\/seo\/ -->\n<title>Ki\u015fisel Verilerin Korunmas\u0131 Kanunu - Alanya Elektrik\u00e7i | Alanya Elektrik | Elektrik Alanya | Elektrik\u00e7i Alanya<\/title>\n<meta name=\"robots\" content=\"index, follow, max-snippet:-1, max-image-preview:large, max-video-preview:-1\" \/>\n<link rel=\"canonical\" href=\"https:\/\/elektrikalanya.com\/de\/kisisel-verilerin-korunmasi-kanunu\/\" \/>\n<meta property=\"og:locale\" content=\"de_DE\" \/>\n<meta property=\"og:type\" content=\"article\" \/>\n<meta property=\"og:title\" content=\"Ki\u015fisel Verilerin Korunmas\u0131 Kanunu - Alanya Elektrik\u00e7i | Alanya Elektrik | Elektrik Alanya | Elektrik\u00e7i Alanya\" \/>\n<meta property=\"og:description\" content=\"Ki\u015fisel Verilerin Korunmas\u0131 ve \u0130\u015flenmesi Politikas\u0131 Bu politika, 6698 say\u0131l\u0131 Ki\u015fisel Verilerin Korunmas\u0131 Kanunu (KVKK) ve Avrupa Birli\u011fi Genel Veri Koruma T\u00fcz\u00fc\u011f\u00fc (GDPR) kapsam\u0131nda, web sitemizi kullanan ki\u015filerin (\u201cVeri Sahibi\u201d) ki\u015fisel verilerinin i\u015flenmesi, saklanmas\u0131 ve korunmas\u0131na ili\u015fkin esaslar\u0131 belirler. 1. Veri Sorumlusu Bu web sitesinde toplanan ki\u015fisel verilerden, ilgili yasal mevzuat \u00e7er\u00e7evesinde veri sorumlusu s\u0131fat\u0131yla [&hellip;]\" \/>\n<meta property=\"og:url\" content=\"https:\/\/elektrikalanya.com\/de\/kisisel-verilerin-korunmasi-kanunu\/\" \/>\n<meta property=\"og:site_name\" content=\"Alanya Elektrik\u00e7i | Alanya Elektrik | Elektrik Alanya | Elektrik\u00e7i Alanya\" \/>\n<meta property=\"article:modified_time\" content=\"2025-09-29T18:46:56+00:00\" \/>\n<meta property=\"og:image\" content=\"https:\/\/elektrikalanya.com\/wp-content\/uploads\/2025\/09\/Alanya-Elektrikci-Favicon.png\" \/>\n\t<meta property=\"og:image:width\" content=\"1024\" \/>\n\t<meta property=\"og:image:height\" content=\"1024\" \/>\n\t<meta property=\"og:image:type\" content=\"image\/png\" \/>\n<meta name=\"twitter:card\" content=\"summary_large_image\" \/>\n<meta name=\"twitter:label1\" content=\"Gesch\u00e4tzte Lesezeit\" \/>\n\t<meta name=\"twitter:data1\" content=\"3\u00a0Minuten\" \/>\n<script type=\"application\/ld+json\" class=\"yoast-schema-graph\">{\"@context\":\"https:\/\/schema.org\",\"@graph\":[{\"@type\":\"WebPage\",\"@id\":\"https:\/\/elektrikalanya.com\/kisisel-verilerin-korunmasi-kanunu\/\",\"url\":\"https:\/\/elektrikalanya.com\/kisisel-verilerin-korunmasi-kanunu\/\",\"name\":\"Ki\u015fisel Verilerin Korunmas\u0131 Kanunu - Alanya Elektrik\u00e7i | Alanya Elektrik | Elektrik Alanya | Elektrik\u00e7i Alanya\",\"isPartOf\":{\"@id\":\"https:\/\/elektrikalanya.com\/#website\"},\"primaryImageOfPage\":{\"@id\":\"https:\/\/elektrikalanya.com\/kisisel-verilerin-korunmasi-kanunu\/#primaryimage\"},\"image\":{\"@id\":\"https:\/\/elektrikalanya.com\/kisisel-verilerin-korunmasi-kanunu\/#primaryimage\"},\"thumbnailUrl\":\"https:\/\/elektrikalanya.com\/wp-content\/uploads\/2025\/09\/Alanya-Elektrikci-Favicon.png\",\"datePublished\":\"2025-08-09T23:12:52+00:00\",\"dateModified\":\"2025-09-29T18:46:56+00:00\",\"breadcrumb\":{\"@id\":\"https:\/\/elektrikalanya.com\/kisisel-verilerin-korunmasi-kanunu\/#breadcrumb\"},\"inLanguage\":\"de\",\"potentialAction\":[{\"@type\":\"ReadAction\",\"target\":[\"https:\/\/elektrikalanya.com\/kisisel-verilerin-korunmasi-kanunu\/\"]}]},{\"@type\":\"ImageObject\",\"inLanguage\":\"de\",\"@id\":\"https:\/\/elektrikalanya.com\/kisisel-verilerin-korunmasi-kanunu\/#primaryimage\",\"url\":\"https:\/\/elektrikalanya.com\/wp-content\/uploads\/2025\/09\/Alanya-Elektrikci-Favicon.png\",\"contentUrl\":\"https:\/\/elektrikalanya.com\/wp-content\/uploads\/2025\/09\/Alanya-Elektrikci-Favicon.png\",\"width\":1024,\"height\":1024},{\"@type\":\"BreadcrumbList\",\"@id\":\"https:\/\/elektrikalanya.com\/kisisel-verilerin-korunmasi-kanunu\/#breadcrumb\",\"itemListElement\":[{\"@type\":\"ListItem\",\"position\":1,\"name\":\"Anasayfa\",\"item\":\"https:\/\/elektrikalanya.com\/\"},{\"@type\":\"ListItem\",\"position\":2,\"name\":\"Ki\u015fisel Verilerin Korunmas\u0131 Kanunu\"}]},{\"@type\":\"WebSite\",\"@id\":\"https:\/\/elektrikalanya.com\/#website\",\"url\":\"https:\/\/elektrikalanya.com\/\",\"name\":\"Alanya Elektrik\u00e7i | Alanya Elektrik | Elektrik Alanya | Elektrik\u00e7i Alanya\",\"description\":\"Alanya Elektrik\u00e7i | Alanya Elektrik | Elektrik Alanya | Elektrik\u00e7i Alanya\",\"potentialAction\":[{\"@type\":\"SearchAction\",\"target\":{\"@type\":\"EntryPoint\",\"urlTemplate\":\"https:\/\/elektrikalanya.com\/?s={search_term_string}\"},\"query-input\":{\"@type\":\"PropertyValueSpecification\",\"valueRequired\":true,\"valueName\":\"search_term_string\"}}],\"inLanguage\":\"de\"}]}<\/script>\n<!-- \/ Yoast SEO plugin. -->","yoast_head_json":{"title":"Ki\u015fisel Verilerin Korunmas\u0131 Kanunu - Alanya Elektrik\u00e7i | Alanya Elektrik | Elektrik Alanya | Elektrik\u00e7i Alanya","robots":{"index":"index","follow":"follow","max-snippet":"max-snippet:-1","max-image-preview":"max-image-preview:large","max-video-preview":"max-video-preview:-1"},"canonical":"https:\/\/elektrikalanya.com\/de\/kisisel-verilerin-korunmasi-kanunu\/","og_locale":"de_DE","og_type":"article","og_title":"Ki\u015fisel Verilerin Korunmas\u0131 Kanunu - Alanya Elektrik\u00e7i | Alanya Elektrik | Elektrik Alanya | Elektrik\u00e7i Alanya","og_description":"Ki\u015fisel Verilerin Korunmas\u0131 ve \u0130\u015flenmesi Politikas\u0131 Bu politika, 6698 say\u0131l\u0131 Ki\u015fisel Verilerin Korunmas\u0131 Kanunu (KVKK) ve Avrupa Birli\u011fi Genel Veri Koruma T\u00fcz\u00fc\u011f\u00fc (GDPR) kapsam\u0131nda, web sitemizi kullanan ki\u015filerin (\u201cVeri Sahibi\u201d) ki\u015fisel verilerinin i\u015flenmesi, saklanmas\u0131 ve korunmas\u0131na ili\u015fkin esaslar\u0131 belirler. 1. Veri Sorumlusu Bu web sitesinde toplanan ki\u015fisel verilerden, ilgili yasal mevzuat \u00e7er\u00e7evesinde veri sorumlusu s\u0131fat\u0131yla [&hellip;]","og_url":"https:\/\/elektrikalanya.com\/de\/kisisel-verilerin-korunmasi-kanunu\/","og_site_name":"Alanya Elektrik\u00e7i | Alanya Elektrik | Elektrik Alanya | Elektrik\u00e7i Alanya","article_modified_time":"2025-09-29T18:46:56+00:00","og_image":[{"width":1024,"height":1024,"url":"https:\/\/elektrikalanya.com\/wp-content\/uploads\/2025\/09\/Alanya-Elektrikci-Favicon.png","type":"image\/png"}],"twitter_card":"summary_large_image","twitter_misc":{"Gesch\u00e4tzte Lesezeit":"3\u00a0Minuten"},"schema":{"@context":"https:\/\/schema.org","@graph":[{"@type":"WebPage","@id":"https:\/\/elektrikalanya.com\/kisisel-verilerin-korunmasi-kanunu\/","url":"https:\/\/elektrikalanya.com\/kisisel-verilerin-korunmasi-kanunu\/","name":"Ki\u015fisel Verilerin Korunmas\u0131 Kanunu - Alanya Elektrik\u00e7i | Alanya Elektrik | Elektrik Alanya | Elektrik\u00e7i Alanya","isPartOf":{"@id":"https:\/\/elektrikalanya.com\/#website"},"primaryImageOfPage":{"@id":"https:\/\/elektrikalanya.com\/kisisel-verilerin-korunmasi-kanunu\/#primaryimage"},"image":{"@id":"https:\/\/elektrikalanya.com\/kisisel-verilerin-korunmasi-kanunu\/#primaryimage"},"thumbnailUrl":"https:\/\/elektrikalanya.com\/wp-content\/uploads\/2025\/09\/Alanya-Elektrikci-Favicon.png","datePublished":"2025-08-09T23:12:52+00:00","dateModified":"2025-09-29T18:46:56+00:00","breadcrumb":{"@id":"https:\/\/elektrikalanya.com\/kisisel-verilerin-korunmasi-kanunu\/#breadcrumb"},"inLanguage":"de","potentialAction":[{"@type":"ReadAction","target":["https:\/\/elektrikalanya.com\/kisisel-verilerin-korunmasi-kanunu\/"]}]},{"@type":"ImageObject","inLanguage":"de","@id":"https:\/\/elektrikalanya.com\/kisisel-verilerin-korunmasi-kanunu\/#primaryimage","url":"https:\/\/elektrikalanya.com\/wp-content\/uploads\/2025\/09\/Alanya-Elektrikci-Favicon.png","contentUrl":"https:\/\/elektrikalanya.com\/wp-content\/uploads\/2025\/09\/Alanya-Elektrikci-Favicon.png","width":1024,"height":1024},{"@type":"BreadcrumbList","@id":"https:\/\/elektrikalanya.com\/kisisel-verilerin-korunmasi-kanunu\/#breadcrumb","itemListElement":[{"@type":"ListItem","position":1,"name":"Anasayfa","item":"https:\/\/elektrikalanya.com\/"},{"@type":"ListItem","position":2,"name":"Ki\u015fisel Verilerin Korunmas\u0131 Kanunu"}]},{"@type":"WebSite","@id":"https:\/\/elektrikalanya.com\/#website","url":"https:\/\/elektrikalanya.com\/","name":"Alanya Elektrik\u00e7i | Alanya Elektrik | Elektrik Alanya | Elektrik\u00e7i Alanya","description":"Alanya Elektrik\u00e7i | Alanya Elektrik | Elektrik Alanya | Elektrik\u00e7i Alanya","potentialAction":[{"@type":"SearchAction","target":{"@type":"EntryPoint","urlTemplate":"https:\/\/elektrikalanya.com\/?s={search_term_string}"},"query-input":{"@type":"PropertyValueSpecification","valueRequired":true,"valueName":"search_term_string"}}],"inLanguage":"de"}]}},"_links":{"self":[{"href":"https:\/\/elektrikalanya.com\/de\/wp-json\/wp\/v2\/pages\/455","targetHints":{"allow":["GET"]}}],"collection":[{"href":"https:\/\/elektrikalanya.com\/de\/wp-json\/wp\/v2\/pages"}],"about":[{"href":"https:\/\/elektrikalanya.com\/de\/wp-json\/wp\/v2\/types\/page"}],"author":[{"embeddable":true,"href":"https:\/\/elektrikalanya.com\/de\/wp-json\/wp\/v2\/users\/1"}],"replies":[{"embeddable":true,"href":"https:\/\/elektrikalanya.com\/de\/wp-json\/wp\/v2\/comments?post=455"}],"version-history":[{"count":11,"href":"https:\/\/elektrikalanya.com\/de\/wp-json\/wp\/v2\/pages\/455\/revisions"}],"predecessor-version":[{"id":644,"href":"https:\/\/elektrikalanya.com\/de\/wp-json\/wp\/v2\/pages\/455\/revisions\/644"}],"wp:featuredmedia":[{"embeddable":true,"href":"https:\/\/elektrikalanya.com\/de\/wp-json\/wp\/v2\/media\/634"}],"wp:attachment":[{"href":"https:\/\/elektrikalanya.com\/de\/wp-json\/wp\/v2\/media?parent=455"}],"curies":[{"name":"wp","href":"https:\/\/api.w.org\/{rel}","templated":true}]}}